{"id":473,"date":"2018-09-25T13:47:41","date_gmt":"2018-09-25T09:47:41","guid":{"rendered":"https:\/\/www.connections-reunion.com\/?page_id=473"},"modified":"2021-07-27T15:00:42","modified_gmt":"2021-07-27T11:00:42","slug":"mentions-legales","status":"publish","type":"page","link":"https:\/\/www.connections-reunion.com\/en\/mentions-legales\/","title":{"rendered":"Legals Quotes"},"content":{"rendered":"[vc_section el_class=&#8221;mentionslegales&#8221;][vc_row][vc_column][mk_title_box font_family=&#8221;none&#8221; align=&#8221;center&#8221;]Mentions L\u00e9gales[\/mk_title_box][vc_column_text css=&#8221;.vc_custom_1537955687712{margin-bottom: 0px !important;}&#8221;]\n<ol>\n<li><b> Pr\u00e9sentation du site.<\/b><\/li>\n<\/ol>\n<p><span style=\"font-weight: 400;\">En vertu de l&#8217;article 6 de la loi n\u00b0 2004-575 du 21 juin 2004 pour la confiance dans l&#8217;\u00e9conomie num\u00e9rique, il est pr\u00e9cis\u00e9 aux utilisateurs du site\u00a0www.connections-reunion.com\u00a0l&#8217;identit\u00e9 des diff\u00e9rents intervenants dans le cadre de sa r\u00e9alisation et de son suivi :<\/span><\/p>\n<p><b>Propri\u00e9taire<\/b><span style=\"font-weight: 400;\">\u00a0: SARL CONNECTIONS R\u00e9union<\/span><\/p>\n<p><span style=\"font-weight: 400;\">SARL immatricul\u00e9e au Registre du commerce et des soci\u00e9t\u00e9s de Saint-Denis de la <\/span><span style=\"font-weight: 400;\">R\u00e9union sous le num\u00e9ro xxx xxx xxx &#8211; Capital social : xxx\u20ac<\/span><\/p>\n<p><span style=\"font-weight: 400;\">53 Route de Domenjod &#8211; 97490 Sainte Clotilde &#8211; La R\u00e9union<\/span><\/p>\n<p><b>Responsable publication<\/b><span style=\"font-weight: 400;\">\u00a0: Monsieur St\u00e9phane RAVRY \u2013 E-mail : <a href=\"mailto:resa@connections-reunion.com\">resa@connections-reunion.com<\/a><\/span><\/p>\n<p><b>Webmaster<\/b><span style=\"font-weight: 400;\">\u00a0: <\/span><a href=\"https:\/\/nathan.re\/?from=connections-reunion.com\"><span style=\"font-weight: 400;\">Jonathan THOMAS<\/span><\/a><span style=\"font-weight: 400;\">\u00a0&#8211; https:\/\/nathan.re<\/span><\/p>\n<p><b>H\u00e9bergeur<\/b><span style=\"font-weight: 400;\">\u00a0: ALMANDRA &#8211; <\/span><a href=\"http:\/\/www.almandra.com\"><span style=\"font-weight: 400;\">http:\/\/www.almandra.com<\/span><\/a><\/p>\n<ol start=\"2\">\n<li><b> Conditions g\u00e9n\u00e9rales d\u2019utilisation du site et des services propos\u00e9s.<\/b><\/li>\n<\/ol>\n<p><span style=\"font-weight: 400;\">L\u2019utilisation du site\u00a0www.connections-reunion.com\u00a0\u00a0implique l\u2019acceptation pleine et enti\u00e8re des conditions g\u00e9n\u00e9rales d\u2019utilisation ci-apr\u00e8s d\u00e9crites. Ces conditions d\u2019utilisation sont susceptibles d\u2019\u00eatre modifi\u00e9es ou compl\u00e9t\u00e9es \u00e0 tout moment, les utilisateurs du site\u00a0www.connections-reunion.com\u00a0 sont donc invit\u00e9s \u00e0 les consulter de mani\u00e8re r\u00e9guli\u00e8re.<\/span><\/p>\n<p><span style=\"font-weight: 400;\">Ce site est normalement accessible \u00e0 tout moment aux utilisateurs. Une interruption pour raison de maintenance technique peut \u00eatre toutefois d\u00e9cid\u00e9e par la SARL CONNECTIONS R\u00e9union, qui s\u2019efforcera alors de communiquer pr\u00e9alablement aux utilisateurs les dates et heures de l\u2019intervention.<\/span><\/p>\n<p><span style=\"font-weight: 400;\">Le site\u00a0www.connections-reunion.com\u00a0\u00a0est mis \u00e0 jour r\u00e9guli\u00e8rement par la SARL CONNECTIONS R\u00e9union. De la m\u00eame fa\u00e7on, les mentions l\u00e9gales peuvent \u00eatre modifi\u00e9es \u00e0 tout moment : elles s\u2019imposent n\u00e9anmoins \u00e0 l\u2019utilisateur qui est invit\u00e9 \u00e0 s\u2019y r\u00e9f\u00e9rer le plus souvent possible afin d\u2019en prendre connaissance.<\/span><\/p>\n<ol start=\"3\">\n<li><b> Limitations contractuelles sur les donn\u00e9es techniques.<\/b><\/li>\n<\/ol>\n<p><span style=\"font-weight: 400;\">Le site utilise la technologie JavaScript.<\/span><\/p>\n<p><span style=\"font-weight: 400;\">Le site Internet ne pourra \u00eatre tenu responsable de dommages mat\u00e9riels li\u00e9s \u00e0 l\u2019utilisation du site. De plus, l\u2019utilisateur du site s\u2019engage \u00e0 acc\u00e9der au site en utilisant un mat\u00e9riel r\u00e9cent, ne contenant pas de virus et avec un navigateur de derni\u00e8re g\u00e9n\u00e9ration mis-\u00e0-jour<\/span><\/p>\n<ol start=\"4\">\n<li><b> Propri\u00e9t\u00e9 intellectuelle et contrefa\u00e7ons.<\/b><\/li>\n<\/ol>\n<p><span style=\"font-weight: 400;\">La SARL CONNECTIONS R\u00e9union est propri\u00e9taire des droits de propri\u00e9t\u00e9 intellectuelle ou d\u00e9tient les droits d\u2019usage sur tous les \u00e9l\u00e9ments accessibles sur le site, notamment les textes, images, graphismes, logo, ic\u00f4nes, sons, logiciels.<\/span><\/p>\n<p><span style=\"font-weight: 400;\">Toute reproduction, repr\u00e9sentation, modification, publication, adaptation de tout ou partie des \u00e9l\u00e9ments du site, quel que soit le moyen ou le proc\u00e9d\u00e9 utilis\u00e9, est interdite, sauf autorisation \u00e9crite pr\u00e9alable de : La SARL CONNECTIONS R\u00e9union.<\/span><\/p>\n<p><span style=\"font-weight: 400;\">Toute exploitation non autoris\u00e9e du site ou de l\u2019un des \u00e9l\u00e9ments qu\u2019il contient sera consid\u00e9r\u00e9e comme constitutive d\u2019une contrefa\u00e7on et poursuivie conform\u00e9ment aux dispositions des articles L.335-2 et suivants du Code de Propri\u00e9t\u00e9 Intellectuelle.<\/span><\/p>\n<ol start=\"5\">\n<li><b> Limitations de responsabilit\u00e9.<\/b><\/li>\n<\/ol>\n<p><span style=\"font-weight: 400;\">La SARL CONNECTIONS R\u00e9union ne pourra \u00eatre tenue responsable des dommages directs et indirects caus\u00e9s au mat\u00e9riel de l\u2019utilisateur, lors de l\u2019acc\u00e8s au site www.connections-reunion.com, et r\u00e9sultant soit de l\u2019utilisation d\u2019un mat\u00e9riel ne r\u00e9pondant pas aux sp\u00e9cifications indiqu\u00e9es au point 4, soit de l\u2019apparition d\u2019un bug ou d\u2019une incompatibilit\u00e9.<\/span><\/p>\n<p><span style=\"font-weight: 400;\">La SARL CONNECTIONS R\u00e9union ne pourra \u00e9galement \u00eatre tenue responsable des dommages indirects cons\u00e9cutifs \u00e0 l\u2019utilisation du site\u00a0www.connections-reunion.com\u00a0<\/span><\/p>\n<p><span style=\"font-weight: 400;\">Des espaces interactifs (possibilit\u00e9 de poser des questions dans l\u2019espace contact) sont \u00e0 la disposition des utilisateurs.\u00a0La SARL CONNECTIONS R\u00e9union se r\u00e9serve le droit de supprimer, sans mise en demeure pr\u00e9alable, tout contenu d\u00e9pos\u00e9 dans cet espace qui contreviendrait \u00e0 la l\u00e9gislation applicable en France, en particulier aux dispositions relatives \u00e0 la protection des donn\u00e9es. Le cas \u00e9ch\u00e9ant, la SARL CONNECTIONS R\u00e9union se r\u00e9serve \u00e9galement la possibilit\u00e9 de mettre en cause la responsabilit\u00e9 civile et\/ou p\u00e9nale de l\u2019utilisateur, notamment en cas de message \u00e0 caract\u00e8re raciste, injurieux, diffamant, ou pornographique, quel que soit le support utilis\u00e9 (texte, photographie\u2026).<\/span><\/p>\n<ol start=\"6\">\n<li><b> Gestion des donn\u00e9es personnelles.<\/b><\/li>\n<\/ol>\n<p><span style=\"font-weight: 400;\">En France, les donn\u00e9es personnelles sont notamment prot\u00e9g\u00e9es par la loi n\u00b0 78-87 du 6 janvier 1978, la loi n\u00b0 2004-801 du 6 ao\u00fbt 2004, l&#8217;article L. 226-13 du Code p\u00e9nal et la Directive Europ\u00e9enne du 24 octobre 1995.<\/span><\/p>\n<p><span style=\"font-weight: 400;\">A l&#8217;occasion de l&#8217;utilisation du site\u00a0www.connections-reunion.com\u00a0, peuvent \u00eatres recueillies : l&#8217;URL des liens par l&#8217;interm\u00e9diaire desquels l&#8217;utilisateur a acc\u00e9d\u00e9 au site\u00a0www.connections-reunion.com\u00a0, le fournisseur d&#8217;acc\u00e8s de l&#8217;utilisateur, l&#8217;adresse de protocole Internet (IP) de l&#8217;utilisateur.<\/span><\/p>\n<p><span style=\"font-weight: 400;\">En tout \u00e9tat de cause SARL CONNECTIONS R\u00e9union ne collecte des informations personnelles relatives \u00e0 l&#8217;utilisateur que pour le besoin de certains services propos\u00e9s par le site\u00a0www.connections-reunion.com\u00a0. L&#8217;utilisateur fournit ces informations en toute connaissance de cause, notamment lorsqu&#8217;il proc\u00e8de par lui-m\u00eame \u00e0 leur saisie. Il est alors pr\u00e9cis\u00e9 \u00e0 l&#8217;utilisateur du site\u00a0www.connections-reunion.com\u00a0 l\u2019obligation ou non de fournir ces informations.<\/span><\/p>\n<p><span style=\"font-weight: 400;\">Conform\u00e9ment aux dispositions des articles 38 et suivants de la loi 78-17 du 6 janvier 1978 relative \u00e0 l\u2019informatique, aux fichiers et aux libert\u00e9s, tout utilisateur dispose d\u2019un droit d\u2019acc\u00e8s, de rectification et d\u2019opposition aux donn\u00e9es personnelles le concernant, en effectuant sa demande \u00e9crite et sign\u00e9e, accompagn\u00e9e d\u2019une copie du titre d\u2019identit\u00e9 avec signature du titulaire de la pi\u00e8ce, en pr\u00e9cisant l\u2019adresse \u00e0 laquelle la r\u00e9ponse doit \u00eatre envoy\u00e9e.<\/span><\/p>\n<p><span style=\"font-weight: 400;\">Aucune information personnelle de l&#8217;utilisateur du site\u00a0www.connections-reunion.com\u00a0\u00a0n&#8217;est publi\u00e9e \u00e0 l&#8217;insu de l&#8217;utilisateur, \u00e9chang\u00e9e, transf\u00e9r\u00e9e, c\u00e9d\u00e9e ou vendue sur un support quelconque \u00e0 des tiers. Seule l&#8217;hypoth\u00e8se du rachat de la SARL CONNECTIONS R\u00e9union et de ses droits permettrait la transmission des dites informations \u00e0 l&#8217;\u00e9ventuel acqu\u00e9reur qui serait \u00e0 son tour tenu de la m\u00eame obligation de conservation et de modification des donn\u00e9es vis \u00e0 vis de l&#8217;utilisateur du site\u00a0www.connections-reunion.com\u00a0<\/span><\/p>\n<p><span style=\"font-weight: 400;\">Le Client accepte la conservation pendant 5 ans de ses donn\u00e9es personnelles de correction visuelle. Celles-ci ne feront en aucun cas l&#8217;objet d&#8217;une cession ou divulgation \u00e0 des tiers, si ce n&#8217;est sous forme de statistiques agr\u00e9g\u00e9es et non personnelles.<\/span><span style=\"font-weight: 400;\"><br \/>\n<\/span><span style=\"font-weight: 400;\">Les donn\u00e9es relatives \u00e0 la correction visuelle font l\u2019objet d\u2019un h\u00e9bergement s\u00e9curis\u00e9.<\/span><\/p>\n<p><span style=\"font-weight: 400;\">Le site susnomm\u00e9 est d\u00e9clar\u00e9 \u00e0 la CNIL sous le num\u00e9ro xxxxxxxxxx.<\/span><\/p>\n<p><span style=\"font-weight: 400;\">Les bases de donn\u00e9es sont prot\u00e9g\u00e9es par les dispositions de la loi du 1er juillet 1998 transposant la directive 96\/9 du 11 mars 1996 relative \u00e0 la protection juridique des bases de donn\u00e9es.<\/span><\/p>\n<ol start=\"7\">\n<li><b> Liens hypertextes et cookies.<\/b><\/li>\n<\/ol>\n<p><span style=\"font-weight: 400;\">Le site\u00a0www.connections-reunion.com\u00a0 contient un certain nombre de liens hypertextes vers d\u2019autres sites, mis en place avec l\u2019autorisation de la SARL CONNECTIONS R\u00e9union. Cependant, la SARL CONNECTIONS R\u00e9union n\u2019a pas la possibilit\u00e9 de v\u00e9rifier le contenu des sites ainsi visit\u00e9s, et n\u2019assumera en cons\u00e9quence aucune responsabilit\u00e9 de ce fait.<\/span><\/p>\n<p><span style=\"font-weight: 400;\">La navigation sur le site\u00a0www.connections-reunion.com\u00a0 est susceptible de provoquer l\u2019installation de cookie(s) sur l\u2019ordinateur de l\u2019utilisateur. Un cookie est un fichier de petite taille, qui ne permet pas l\u2019identification de l\u2019utilisateur, mais qui enregistre des informations relatives \u00e0 la navigation d\u2019un ordinateur sur un site. Les donn\u00e9es ainsi obtenues visent \u00e0 faciliter la navigation ult\u00e9rieure sur le site, et ont \u00e9galement vocation \u00e0 permettre diverses mesures de fr\u00e9quentation.<\/span><\/p>\n<p><span style=\"font-weight: 400;\">Le refus d\u2019installation d\u2019un cookie peut entra\u00eener l\u2019impossibilit\u00e9 d\u2019acc\u00e9der \u00e0 certains services. L\u2019utilisateur peut toutefois configurer son ordinateur de la mani\u00e8re suivante, pour refuser l\u2019installation des cookies :<\/span><\/p>\n<p><span style=\"font-weight: 400;\">Sous Internet Explorer : onglet outil (pictogramme en forme de rouage en haut a droite) \/ options internet. Cliquez sur Confidentialit\u00e9 et choisissez Bloquer tous les cookies. Validez sur Ok.<\/span><\/p>\n<p><span style=\"font-weight: 400;\">Sous Firefox : en haut de la fen\u00eatre du navigateur, cliquez sur le bouton Firefox, puis aller dans l&#8217;onglet Options. Cliquer sur l&#8217;onglet Vie priv\u00e9e. Param\u00e9trez les R\u00e8gles de conservation sur : utiliser les param\u00e8tres personnalis\u00e9s pour l&#8217;historique. Enfin d\u00e9cochez-la pour d\u00e9sactiver les cookies.<\/span><\/p>\n<p><span style=\"font-weight: 400;\">Sous Safari : Cliquez en haut \u00e0 droite du navigateur sur le pictogramme de menu (symbolis\u00e9 par un rouage). S\u00e9lectionnez Param\u00e8tres. Cliquez sur Afficher les param\u00e8tres avanc\u00e9s. Dans la section &#8220;Confidentialit\u00e9&#8221;, cliquez sur Param\u00e8tres de contenu. Dans la section &#8220;Cookies&#8221;, vous pouvez bloquer les cookies.<\/span><\/p>\n<p><span style=\"font-weight: 400;\">Sous Chrome : Cliquez en haut \u00e0 droite du navigateur sur le pictogramme de menu (symbolis\u00e9 par trois lignes horizontales). S\u00e9lectionnez Param\u00e8tres. Cliquez sur Afficher les param\u00e8tres avanc\u00e9s. Dans la section &#8220;Confidentialit\u00e9&#8221;, cliquez sur pr\u00e9f\u00e9rences. Dans l&#8217;onglet &#8220;Confidentialit\u00e9&#8221;, vous pouvez bloquer les cookies.<\/span><\/p>\n<ol start=\"8\">\n<li><b> Droit applicable et attribution de juridiction.<\/b><\/li>\n<\/ol>\n<p><span style=\"font-weight: 400;\">Tout litige en relation avec l\u2019utilisation du site\u00a0www.connections-reunion.com\u00a0\u00a0est soumis au droit fran\u00e7ais. Il est fait attribution exclusive de juridiction aux tribunaux comp\u00e9tents de Paris.<\/span><span style=\"font-weight: 400;\"><br \/>\n<\/span><\/p>\n<ol start=\"9\">\n<li><b> Les principales lois concern\u00e9es.<\/b><\/li>\n<\/ol>\n<p><span style=\"font-weight: 400;\">Loi n\u00b0 78-87 du 6 janvier 1978, notamment modifi\u00e9e par la loi n\u00b0 2004-801 du 6 ao\u00fbt 2004 relative \u00e0 l&#8217;informatique, aux fichiers et aux libert\u00e9s.<\/span><\/p>\n<p><span style=\"font-weight: 400;\">Loi n\u00b0 2004-575 du 21 juin 2004 pour la confiance dans l&#8217;\u00e9conomie num\u00e9rique.<\/span><\/p>\n<ol start=\"10\">\n<li><b> Lexique.<\/b><\/li>\n<\/ol>\n<p><span style=\"font-weight: 400;\">Utilisateur : Internaute se connectant, utilisant le site susnomm\u00e9.<\/span><\/p>\n<p><span style=\"font-weight: 400;\">Informations personnelles : \u00ab les informations qui permettent, sous quelque forme que ce soit, directement ou non, l&#8217;identification des personnes physiques auxquelles elles s&#8217;appliquent \u00bb (article 4 de la loi n\u00b0 78-17 du 6 janvier 1978).<\/span><\/p>\n<ol start=\"11\">\n<li><b> Conception et r\u00e9alisation.<\/b><\/li>\n<\/ol>\n<p><span style=\"font-weight: 400;\">Agence en strat\u00e9gie digitale :\u00a0<\/span><a href=\"https:\/\/nathan.re\/?from=connections-reunion.com\"><span style=\"font-weight: 400;\">Jonathan THOMAS<\/span><\/a><span style=\"font-weight: 400;\">\u00a0&#8211; https:\/\/nathan.re<\/span>[\/vc_column_text][\/vc_column][\/vc_row][\/vc_section]\n","protected":false},"excerpt":{"rendered":"<p>[vc_section el_class=&#8221;mentionslegales&#8221;][vc_row][vc_column][mk_title_box font_family=&#8221;none&#8221; align=&#8221;center&#8221;]Mentions L\u00e9gales[\/mk_title_box][vc_column_text css=&#8221;.vc_custom_1537955687712{margin-bottom: 0px !important;}&#8221;] Pr\u00e9sentation du site. En vertu de l&#8217;article 6 de la loi n\u00b0 2004-575 du 21 juin 2004 pour la confiance dans l&#8217;\u00e9conomie num\u00e9rique, il est pr\u00e9cis\u00e9 aux utilisateurs du site\u00a0www.connections-reunion.com\u00a0l&#8217;identit\u00e9 des diff\u00e9rents intervenants dans le cadre de sa r\u00e9alisation et de son suivi : Propri\u00e9taire\u00a0: SARL CONNECTIONS [&hellip;]<\/p>\n","protected":false},"author":1,"featured_media":0,"parent":0,"menu_order":0,"comment_status":"closed","ping_status":"closed","template":"","meta":{"footnotes":""},"class_list":["post-473","page","type-page","status-publish","hentry"],"_links":{"self":[{"href":"https:\/\/www.connections-reunion.com\/en\/wp-json\/wp\/v2\/pages\/473","targetHints":{"allow":["GET"]}}],"collection":[{"href":"https:\/\/www.connections-reunion.com\/en\/wp-json\/wp\/v2\/pages"}],"about":[{"href":"https:\/\/www.connections-reunion.com\/en\/wp-json\/wp\/v2\/types\/page"}],"author":[{"embeddable":true,"href":"https:\/\/www.connections-reunion.com\/en\/wp-json\/wp\/v2\/users\/1"}],"replies":[{"embeddable":true,"href":"https:\/\/www.connections-reunion.com\/en\/wp-json\/wp\/v2\/comments?post=473"}],"version-history":[{"count":9,"href":"https:\/\/www.connections-reunion.com\/en\/wp-json\/wp\/v2\/pages\/473\/revisions"}],"predecessor-version":[{"id":7755,"href":"https:\/\/www.connections-reunion.com\/en\/wp-json\/wp\/v2\/pages\/473\/revisions\/7755"}],"wp:attachment":[{"href":"https:\/\/www.connections-reunion.com\/en\/wp-json\/wp\/v2\/media?parent=473"}],"curies":[{"name":"wp","href":"https:\/\/api.w.org\/{rel}","templated":true}]}}